{"id":25041,"date":"2021-03-05T02:32:55","date_gmt":"2021-03-05T02:32:55","guid":{"rendered":"http:\/\/enterprisesocialmedia.org\/sshrc\/?page_id=25041"},"modified":"2022-08-05T08:50:59","modified_gmt":"2022-08-05T08:50:59","slug":"resources","status":"publish","type":"page","link":"https:\/\/enterprisesocialmedia.org\/sshrc\/resources\/","title":{"rendered":"Resources"},"content":{"rendered":"\t\t<div data-elementor-type=\"wp-page\" data-elementor-id=\"25041\" class=\"elementor elementor-25041\" data-elementor-settings=\"[]\">\n\t\t\t\t\t\t\t<div class=\"elementor-section-wrap\">\n\t\t\t\t\t\t\t<section class=\"elementor-section elementor-top-section elementor-element elementor-element-5655f0cd elementor-section-boxed elementor-section-height-default elementor-section-height-default\" data-id=\"5655f0cd\" data-element_type=\"section\" id=\"top\" data-settings=\"{&quot;background_background&quot;:&quot;gradient&quot;}\">\n\t\t\t\t\t\t<div class=\"elementor-container elementor-column-gap-default\">\n\t\t\t\t\t<div class=\"elementor-column elementor-col-100 elementor-top-column elementor-element elementor-element-69a4a0bb\" data-id=\"69a4a0bb\" data-element_type=\"column\">\n\t\t\t<div class=\"elementor-widget-wrap elementor-element-populated\">\n\t\t\t\t\t\t\t\t<div class=\"elementor-element elementor-element-1fff4306 elementor-widget elementor-widget-heading\" data-id=\"1fff4306\" data-element_type=\"widget\" data-widget_type=\"heading.default\">\n\t\t\t\t<div class=\"elementor-widget-container\">\n\t\t\t<h1 class=\"elementor-heading-title elementor-size-default\">Resources<\/h1>\t\t<\/div>\n\t\t\t\t<\/div>\n\t\t\t\t\t<\/div>\n\t\t<\/div>\n\t\t\t\t\t\t\t<\/div>\n\t\t<\/section>\n\t\t\t\t<section class=\"elementor-section elementor-top-section elementor-element elementor-element-1a908cb elementor-section-boxed elementor-section-height-default elementor-section-height-default\" data-id=\"1a908cb\" data-element_type=\"section\">\n\t\t\t\t\t\t<div class=\"elementor-container elementor-column-gap-default\">\n\t\t\t\t\t<div class=\"elementor-column elementor-col-100 elementor-top-column elementor-element elementor-element-11e8858\" data-id=\"11e8858\" data-element_type=\"column\">\n\t\t\t<div class=\"elementor-widget-wrap elementor-element-populated\">\n\t\t\t\t\t\t\t\t<div class=\"elementor-element elementor-element-24b3465 elementor-widget elementor-widget-heading\" data-id=\"24b3465\" data-element_type=\"widget\" data-widget_type=\"heading.default\">\n\t\t\t\t<div class=\"elementor-widget-container\">\n\t\t\t<h2 class=\"elementor-heading-title elementor-size-default\">Evidence Briefs<\/h2>\t\t<\/div>\n\t\t\t\t<\/div>\n\t\t\t\t<div class=\"elementor-element elementor-element-c630cfe elementor-widget-divider--view-line elementor-widget elementor-widget-divider\" data-id=\"c630cfe\" data-element_type=\"widget\" data-widget_type=\"divider.default\">\n\t\t\t\t<div class=\"elementor-widget-container\">\n\t\t\t\t\t<div class=\"elementor-divider\">\n\t\t\t<span class=\"elementor-divider-separator\">\n\t\t\t\t\t\t<\/span>\n\t\t<\/div>\n\t\t\t\t<\/div>\n\t\t\t\t<\/div>\n\t\t\t\t\t<\/div>\n\t\t<\/div>\n\t\t\t\t\t\t\t<\/div>\n\t\t<\/section>\n\t\t\t\t<section class=\"elementor-section elementor-top-section elementor-element elementor-element-adf6f17 elementor-section-boxed elementor-section-height-default elementor-section-height-default\" data-id=\"adf6f17\" data-element_type=\"section\">\n\t\t\t\t\t\t<div class=\"elementor-container elementor-column-gap-default\">\n\t\t\t\t\t<div class=\"elementor-column elementor-col-100 elementor-top-column elementor-element elementor-element-a7eb91d\" data-id=\"a7eb91d\" data-element_type=\"column\">\n\t\t\t<div class=\"elementor-widget-wrap elementor-element-populated\">\n\t\t\t\t\t\t\t\t<div class=\"elementor-element elementor-element-243d965 elementor-widget elementor-widget-heading\" data-id=\"243d965\" data-element_type=\"widget\" data-widget_type=\"heading.default\">\n\t\t\t\t<div class=\"elementor-widget-container\">\n\t\t\t<h3 class=\"elementor-heading-title elementor-size-default\"><span style=\"font-size: 24px;\">Socialness In The Digital Economy: Supporting Meaningful Work Through Enterprise Social Media<\/span><\/h3>\t\t<\/div>\n\t\t\t\t<\/div>\n\t\t\t\t<div class=\"elementor-element elementor-element-6c54186 elementor-widget elementor-widget-heading\" data-id=\"6c54186\" data-element_type=\"widget\" data-widget_type=\"heading.default\">\n\t\t\t\t<div class=\"elementor-widget-container\">\n\t\t\t<h4 class=\"elementor-heading-title elementor-size-default\">Van Osch, W., Lirio, P., Liang, Y., and Machuca, O.\t&nbsp;\u2022&nbsp;&nbsp;2022<\/h4>\t\t<\/div>\n\t\t\t\t<\/div>\n\t\t\t\t<div class=\"elementor-element elementor-element-3e64093 elementor-widget elementor-widget-heading\" data-id=\"3e64093\" data-element_type=\"widget\" data-widget_type=\"heading.default\">\n\t\t\t\t<div class=\"elementor-widget-container\">\n\t\t\t<h3 class=\"elementor-heading-title elementor-size-default\">Abstract<\/h3>\t\t<\/div>\n\t\t\t\t<\/div>\n\t\t\t\t<div class=\"elementor-element elementor-element-06b362a elementor-widget elementor-widget-text-editor\" data-id=\"06b362a\" data-element_type=\"widget\" data-widget_type=\"text-editor.default\">\n\t\t\t\t<div class=\"elementor-widget-container\">\n\t\t\t\t\t<div class=\"elementor-text-editor elementor-clearfix\"><div class=\"hlFld-Abstract\"><div class=\"abstractSection abstractInFull\"><p>Humans are inherently social beings and maintaining social relationships, whether personally or professionally, has emotional, cognitive, and instrumental benefits. In workplace settings, increas- ing numbers of employees are members of networks on enterprise social media (ESM). Although ESM are designed to be &#8220;social,\u201d little is known about if and how these technologies can be sup- portive of meaningful social interactions, like those occurring in physical settings. In recent years, researchers in information systems (IS) have begun to explore the intricacies of ESM and the so- cial ties within them; however, without a fundamental understanding of socialness, its importance in the workplace, and the role that technology \u2013 such as ESM \u2013 can play in enhancing workplace socialness, such empirical efforts are myopic. Hence, to guide future empirical research and pro- vide practical suggestions to organizations, we developed a holistic review of socialness in the past decade (2010-2020), to understand the meaning and the value of socialness in the workplace and digital settings and the role ESM and other technologies play in supporting workplace socialness.\u00a0<\/p><\/div><\/div><\/div>\n\t\t\t\t<\/div>\n\t\t\t\t<\/div>\n\t\t\t\t<div class=\"elementor-element elementor-element-d49c25d elementor-align-left elementor-widget elementor-widget-button\" data-id=\"d49c25d\" data-element_type=\"widget\" data-widget_type=\"button.default\">\n\t\t\t\t<div class=\"elementor-widget-container\">\n\t\t\t\t\t<div class=\"elementor-button-wrapper\">\n\t\t\t<a href=\"http:\/\/enterprisesocialmedia.org\/sshrc\/wp-content\/uploads\/sites\/5\/2022\/08\/Evidence-brief-EN.pdf\" target=\"_blank\" class=\"elementor-button-link elementor-button elementor-size-xs\" role=\"button\">\n\t\t\t\t\t\t<span class=\"elementor-button-content-wrapper\">\n\t\t\t\t\t\t<span class=\"elementor-button-icon elementor-align-icon-left\">\n\t\t\t\t<i aria-hidden=\"true\" class=\"fas fa-arrow-alt-circle-down\"><\/i>\t\t\t<\/span>\n\t\t\t\t\t\t<span class=\"elementor-button-text\">Download Brief<\/span>\n\t\t<\/span>\n\t\t\t\t\t<\/a>\n\t\t<\/div>\n\t\t\t\t<\/div>\n\t\t\t\t<\/div>\n\t\t\t\t\t<\/div>\n\t\t<\/div>\n\t\t\t\t\t\t\t<\/div>\n\t\t<\/section>\n\t\t\t\t<section class=\"elementor-section elementor-top-section elementor-element elementor-element-67a43bb elementor-section-boxed elementor-section-height-default elementor-section-height-default\" data-id=\"67a43bb\" data-element_type=\"section\">\n\t\t\t\t\t\t<div class=\"elementor-container elementor-column-gap-default\">\n\t\t\t\t\t<div class=\"elementor-column elementor-col-100 elementor-top-column elementor-element elementor-element-a46e6d7\" data-id=\"a46e6d7\" data-element_type=\"column\">\n\t\t\t<div class=\"elementor-widget-wrap elementor-element-populated\">\n\t\t\t\t\t\t\t\t<div class=\"elementor-element elementor-element-aba30ad elementor-widget elementor-widget-heading\" data-id=\"aba30ad\" data-element_type=\"widget\" data-widget_type=\"heading.default\">\n\t\t\t\t<div class=\"elementor-widget-container\">\n\t\t\t<h3 class=\"elementor-heading-title elementor-size-default\"><span style=\"font-size: 24px;\">Socialit\u00e9 Dans L\u2019\u00c9conomie Num\u00e9rique : Soutenir Le Travail Significatif \u00c0 Travers Les M\u00e9dias Sociaux D\u2019Entreprise<\/span><\/h3>\t\t<\/div>\n\t\t\t\t<\/div>\n\t\t\t\t<div class=\"elementor-element elementor-element-059bb01 elementor-widget elementor-widget-heading\" data-id=\"059bb01\" data-element_type=\"widget\" data-widget_type=\"heading.default\">\n\t\t\t\t<div class=\"elementor-widget-container\">\n\t\t\t<h4 class=\"elementor-heading-title elementor-size-default\">Van Osch, W., Lirio, P., Liang, Y., and Machuca, O.\t&nbsp;\u2022&nbsp;&nbsp;2022<\/h4>\t\t<\/div>\n\t\t\t\t<\/div>\n\t\t\t\t<div class=\"elementor-element elementor-element-95fb3e5 elementor-widget elementor-widget-heading\" data-id=\"95fb3e5\" data-element_type=\"widget\" data-widget_type=\"heading.default\">\n\t\t\t\t<div class=\"elementor-widget-container\">\n\t\t\t<h3 class=\"elementor-heading-title elementor-size-default\">Abstract<\/h3>\t\t<\/div>\n\t\t\t\t<\/div>\n\t\t\t\t<div class=\"elementor-element elementor-element-76c6f0b elementor-widget elementor-widget-text-editor\" data-id=\"76c6f0b\" data-element_type=\"widget\" data-widget_type=\"text-editor.default\">\n\t\t\t\t<div class=\"elementor-widget-container\">\n\t\t\t\t\t<div class=\"elementor-text-editor elementor-clearfix\"><div class=\"hlFld-Abstract\"><div class=\"abstractSection abstractInFull\"><p>Les humains sont des cr\u00e9atures intrins\u00e8quement sociales, et maintenir des relations sociales, soit personnelles ou professionnelles, a des b\u00e9n\u00e9fices \u00e9motionnels, cognitifs et instrumentaux. Dans des contextes professionnels, un nombre grandissant d\u2019employ\u00e9s sont membres de r\u00e9seaux sur des m\u00e9dias sociaux d\u2019entreprise (MSE). Bien que les MSE soient con\u00e7us pour \u00eatre \u00ab sociaux \u00bb, nous en connaissons peu sur la capacit\u00e9 de ces technologies \u00e0 soutenir des interactions sociales significatives, comme celles se produisant dans des cad- res physiques. Dans les derni\u00e8res ann\u00e9es, les chercheurs sur les syst\u00e8mes d\u2019information (SI) ont commenc\u00e9 \u00e0 explorer les subtilit\u00e9s des MSE et les liens sociaux au sein de ceux-ci. Cependant, sans une compr\u00e9hension fondamentale de la socialit\u00e9, son importance dans le milieu du travail, et le r\u00f4le de la technologie, comme les MSE, pour am\u00e9liorer la socialit\u00e9 sur les lieux du travail, ce type d\u2019effort empirique manque de vision. Ainsi, pour guider d\u2019\u00e9ventu- elles \u00e9tudes empiriques et offrir des suggestions pratiques aux organisations, nous avons ef- fectu\u00e9 un examen holistique de la socialit\u00e9 dans la derni\u00e8re d\u00e9cennie (2010-2020), pour com- prendre la signification et la valeur de la socialit\u00e9 sur les lieux du travail, dans les contextes num\u00e9riques, et le r\u00f4le des MSE et d\u2019autres technologies qui encouragent la socialit\u00e9 au travail.\u00a0<\/p><\/div><\/div><\/div>\n\t\t\t\t<\/div>\n\t\t\t\t<\/div>\n\t\t\t\t<div class=\"elementor-element elementor-element-ab8bb09 elementor-align-left elementor-widget elementor-widget-button\" data-id=\"ab8bb09\" data-element_type=\"widget\" data-widget_type=\"button.default\">\n\t\t\t\t<div class=\"elementor-widget-container\">\n\t\t\t\t\t<div class=\"elementor-button-wrapper\">\n\t\t\t<a href=\"http:\/\/enterprisesocialmedia.org\/sshrc\/wp-content\/uploads\/sites\/5\/2022\/08\/Evidence-brief-FR.pdf\" target=\"_blank\" class=\"elementor-button-link elementor-button elementor-size-xs\" role=\"button\">\n\t\t\t\t\t\t<span class=\"elementor-button-content-wrapper\">\n\t\t\t\t\t\t<span class=\"elementor-button-icon elementor-align-icon-left\">\n\t\t\t\t<i aria-hidden=\"true\" class=\"fas fa-arrow-alt-circle-down\"><\/i>\t\t\t<\/span>\n\t\t\t\t\t\t<span class=\"elementor-button-text\">Download Brief<\/span>\n\t\t<\/span>\n\t\t\t\t\t<\/a>\n\t\t<\/div>\n\t\t\t\t<\/div>\n\t\t\t\t<\/div>\n\t\t\t\t\t<\/div>\n\t\t<\/div>\n\t\t\t\t\t\t\t<\/div>\n\t\t<\/section>\n\t\t\t\t<section class=\"elementor-section elementor-top-section elementor-element elementor-element-5d9ca3f6 elementor-section-boxed elementor-section-height-default elementor-section-height-default\" data-id=\"5d9ca3f6\" data-element_type=\"section\">\n\t\t\t\t\t\t<div class=\"elementor-container elementor-column-gap-default\">\n\t\t\t\t\t<div class=\"elementor-column elementor-col-100 elementor-top-column elementor-element elementor-element-301263fa\" data-id=\"301263fa\" data-element_type=\"column\">\n\t\t\t<div class=\"elementor-widget-wrap elementor-element-populated\">\n\t\t\t\t\t\t\t\t<div class=\"elementor-element elementor-element-7bdb60b2 elementor-widget elementor-widget-heading\" data-id=\"7bdb60b2\" data-element_type=\"widget\" data-widget_type=\"heading.default\">\n\t\t\t\t<div class=\"elementor-widget-container\">\n\t\t\t<h2 class=\"elementor-heading-title elementor-size-default\">Report<\/h2>\t\t<\/div>\n\t\t\t\t<\/div>\n\t\t\t\t<div class=\"elementor-element elementor-element-6f9c3951 elementor-widget-divider--view-line elementor-widget elementor-widget-divider\" data-id=\"6f9c3951\" data-element_type=\"widget\" data-widget_type=\"divider.default\">\n\t\t\t\t<div class=\"elementor-widget-container\">\n\t\t\t\t\t<div class=\"elementor-divider\">\n\t\t\t<span class=\"elementor-divider-separator\">\n\t\t\t\t\t\t<\/span>\n\t\t<\/div>\n\t\t\t\t<\/div>\n\t\t\t\t<\/div>\n\t\t\t\t\t<\/div>\n\t\t<\/div>\n\t\t\t\t\t\t\t<\/div>\n\t\t<\/section>\n\t\t\t\t<section class=\"elementor-section elementor-top-section elementor-element elementor-element-1b249b92 elementor-section-boxed elementor-section-height-default elementor-section-height-default\" data-id=\"1b249b92\" data-element_type=\"section\">\n\t\t\t\t\t\t<div class=\"elementor-container elementor-column-gap-default\">\n\t\t\t\t\t<div class=\"elementor-column elementor-col-100 elementor-top-column elementor-element elementor-element-6da07a37\" data-id=\"6da07a37\" data-element_type=\"column\">\n\t\t\t<div class=\"elementor-widget-wrap elementor-element-populated\">\n\t\t\t\t\t\t\t\t<div class=\"elementor-element elementor-element-3e960ab1 elementor-widget elementor-widget-heading\" data-id=\"3e960ab1\" data-element_type=\"widget\" data-widget_type=\"heading.default\">\n\t\t\t\t<div class=\"elementor-widget-container\">\n\t\t\t<h3 class=\"elementor-heading-title elementor-size-default\">Socialness In The Digital Economy: Supporting Meaningful Work Through Enterprise Social Media<\/h3>\t\t<\/div>\n\t\t\t\t<\/div>\n\t\t\t\t<div class=\"elementor-element elementor-element-53fed699 elementor-widget elementor-widget-heading\" data-id=\"53fed699\" data-element_type=\"widget\" data-widget_type=\"heading.default\">\n\t\t\t\t<div class=\"elementor-widget-container\">\n\t\t\t<h4 class=\"elementor-heading-title elementor-size-default\">Van Osch, W., Lirio, P., Liang, Y., and Machuca, O.\t&nbsp;\u2022&nbsp;&nbsp;2022<br><br><\/h4>\t\t<\/div>\n\t\t\t\t<\/div>\n\t\t\t\t<div class=\"elementor-element elementor-element-b08141f elementor-align-left elementor-widget elementor-widget-button\" data-id=\"b08141f\" data-element_type=\"widget\" data-widget_type=\"button.default\">\n\t\t\t\t<div class=\"elementor-widget-container\">\n\t\t\t\t\t<div class=\"elementor-button-wrapper\">\n\t\t\t<a href=\"http:\/\/enterprisesocialmedia.org\/sshrc\/wp-content\/uploads\/sites\/5\/2022\/08\/KSG_REPORT_full-final-en.pdf\" target=\"_blank\" class=\"elementor-button-link elementor-button elementor-size-xs\" role=\"button\">\n\t\t\t\t\t\t<span class=\"elementor-button-content-wrapper\">\n\t\t\t\t\t\t<span class=\"elementor-button-icon elementor-align-icon-left\">\n\t\t\t\t<i aria-hidden=\"true\" class=\"fas fa-arrow-alt-circle-down\"><\/i>\t\t\t<\/span>\n\t\t\t\t\t\t<span class=\"elementor-button-text\">Download Report<\/span>\n\t\t<\/span>\n\t\t\t\t\t<\/a>\n\t\t<\/div>\n\t\t\t\t<\/div>\n\t\t\t\t<\/div>\n\t\t\t\t\t<\/div>\n\t\t<\/div>\n\t\t\t\t\t\t\t<\/div>\n\t\t<\/section>\n\t\t\t\t<section class=\"elementor-section elementor-top-section elementor-element elementor-element-466dfdcd elementor-hidden-phone elementor-section-boxed elementor-section-height-default elementor-section-height-default\" data-id=\"466dfdcd\" data-element_type=\"section\">\n\t\t\t\t\t\t<div class=\"elementor-container elementor-column-gap-default\">\n\t\t\t\t\t<div class=\"elementor-column elementor-col-100 elementor-top-column elementor-element elementor-element-8986c94\" data-id=\"8986c94\" data-element_type=\"column\">\n\t\t\t<div class=\"elementor-widget-wrap elementor-element-populated\">\n\t\t\t\t\t\t\t\t<div class=\"elementor-element elementor-element-41147c11 elementor-widget elementor-widget-spacer\" data-id=\"41147c11\" data-element_type=\"widget\" data-widget_type=\"spacer.default\">\n\t\t\t\t<div class=\"elementor-widget-container\">\n\t\t\t\t\t<div class=\"elementor-spacer\">\n\t\t\t<div class=\"elementor-spacer-inner\"><\/div>\n\t\t<\/div>\n\t\t\t\t<\/div>\n\t\t\t\t<\/div>\n\t\t\t\t\t<\/div>\n\t\t<\/div>\n\t\t\t\t\t\t\t<\/div>\n\t\t<\/section>\n\t\t\t\t\t\t<\/div>\n\t\t\t\t\t<\/div>\n\t\t","protected":false},"excerpt":{"rendered":"<p>Resources Evidence Briefs Socialness In The Digital Economy: Supporting Meaningful Work Through Enterprise Social Media Van Osch, W., Lirio, P., Liang, Y., and Machuca, O. &nbsp;\u2022&nbsp;&nbsp;2022 Abstract Humans are inherently social beings and maintaining social relationships, whether personally or professionally, has emotional, cognitive, and instrumental benefits. In workplace settings, increas- ing numbers of employees are &hellip;<\/p>\n<p class=\"read-more\"> <a class=\"\" href=\"https:\/\/enterprisesocialmedia.org\/sshrc\/resources\/\"> <span class=\"screen-reader-text\">Resources<\/span> Read More &raquo;<\/a><\/p>\n","protected":false},"author":1,"featured_media":0,"parent":0,"menu_order":0,"comment_status":"closed","ping_status":"closed","template":"","meta":{"footnotes":""},"class_list":["post-25041","page","type-page","status-publish","hentry"],"_links":{"self":[{"href":"https:\/\/enterprisesocialmedia.org\/sshrc\/wp-json\/wp\/v2\/pages\/25041","targetHints":{"allow":["GET"]}}],"collection":[{"href":"https:\/\/enterprisesocialmedia.org\/sshrc\/wp-json\/wp\/v2\/pages"}],"about":[{"href":"https:\/\/enterprisesocialmedia.org\/sshrc\/wp-json\/wp\/v2\/types\/page"}],"author":[{"embeddable":true,"href":"https:\/\/enterprisesocialmedia.org\/sshrc\/wp-json\/wp\/v2\/users\/1"}],"replies":[{"embeddable":true,"href":"https:\/\/enterprisesocialmedia.org\/sshrc\/wp-json\/wp\/v2\/comments?post=25041"}],"version-history":[{"count":32,"href":"https:\/\/enterprisesocialmedia.org\/sshrc\/wp-json\/wp\/v2\/pages\/25041\/revisions"}],"predecessor-version":[{"id":25174,"href":"https:\/\/enterprisesocialmedia.org\/sshrc\/wp-json\/wp\/v2\/pages\/25041\/revisions\/25174"}],"wp:attachment":[{"href":"https:\/\/enterprisesocialmedia.org\/sshrc\/wp-json\/wp\/v2\/media?parent=25041"}],"curies":[{"name":"wp","href":"https:\/\/api.w.org\/{rel}","templated":true}]}}